{"id":20424,"date":"2021-07-31T06:19:21","date_gmt":"2021-07-31T06:19:21","guid":{"rendered":"https:\/\/www.bergundsteigen.com\/impressum\/"},"modified":"2025-05-07T08:51:07","modified_gmt":"2025-05-07T08:51:07","slug":"impressum","status":"publish","type":"page","link":"https:\/\/www.bergundsteigen.com\/en\/impressum\/","title":{"rendered":"Imprint"},"content":{"rendered":"\n<p>Impressum und Offenlegung gem\u00e4\u00df \u00a7\u00a7 24, 25 Mediengesetz (MedG) iVm \u00a7 5 E-Commerce-Gesetz (ECG)<\/p>\n\n\n\n<h3 class=\"wp-block-heading\">Herausgeber<\/h3>\n\n\n\n<p>\u00d6sterreichischer Alpenverein, Deutscher Alpenverein, Schweizer Alpen-Club, S\u00fcdtiroler Alpenverein<\/p>\n\n\n\n<h3 class=\"wp-block-heading\">Medieninhaber &#8211; \u00d6sterreichischer Alpenverein<\/h3>\n\n\n\n<ul class=\"wp-block-list address\">\n<li>Olympiastr. 37<br>A-6020 Innsbruck<\/li>\n\n\n\n<li><a href=\"tel:+43 512 59547-0\">+43 512 59547-0<\/a><\/li>\n\n\n\n<li>office@alpenverein.at<\/li>\n\n\n\n<li>ZVR: 989190235<\/li>\n<\/ul>\n\n\n\n<h2 class=\"wp-block-heading\">Inhalt &amp; Redaktion<\/h2>\n\n\n\n<p>Redaktion <strong>bergundsteigen Magazin<\/strong>: <a href=\"mailto:gebhard.bendler@alpenverein.at\" target=\"_blank\" rel=\"noreferrer noopener\">Gebhard Bendler<\/a><\/p>\n\n\n\n<p>Redaktion <strong>bergundsteigen.com<\/strong> \/ social media: <a href=\"mailto:%20simon.schoepf@alpenverein.at\">Simon Sch\u00f6pf<\/a><\/p>\n\n\n\n<hr class=\"wp-block-separator has-css-opacity\"\/>\n\n\n\n<h3 class=\"wp-block-heading\">Design &amp; Programmierung &#8211; florianmatthias<\/h3>\n\n\n\n<ul class=\"wp-block-list address\">\n<li>Herzog-Friedrich-Stra\u00dfe 22<br>A-6020 Innsbruck<\/li>\n\n\n\n<li><a href=\"tel:+43 512 319 771\">+43 512 319 771<\/a><\/li>\n\n\n\n<li>info@florianmatthias.com<\/li>\n\n\n\n<li><a href=\"http:\/\/florianmatthias.com\" target=\"_blank\" rel=\"noreferrer noopener\">www.florianmatthias.com<\/a><\/li>\n<\/ul>\n\n\n\n<hr class=\"wp-block-separator has-css-opacity\"\/>\n\n\n\n<h3 class=\"wp-block-heading\">Allgemeine Informationen<\/h3>\n\n\n\n<p>Generalsekret\u00e4r: Clemens Matt<\/p>\n\n\n\n<p>Unsere Kontaktdaten finden Sie auch in unserer Vereinszeitung sowie auf unserer Homepage.<br><br>Erkl\u00e4rung \u00fcber die grundlegende Richtung<\/p>\n\n\n\n<p>Der \u00d6sterreichische Alpenverein ist parteipolitisch neutral und unabh\u00e4ngig. Er verfolgt ausschlie\u00dflich und unmittelbar gemeinn\u00fctzige Zwecke, seine T\u00e4tigkeit ist nicht auf das Erzielen von Gewinnen gerichtet. Das Medium dient zur Information und Servicierung der Vereinsmitglieder sowie der interessierten \u00d6ffentlichkeit.<\/p>\n\n\n\n<p>Vereinszweck<br>&#8220;Es ist Zweck des Vereines, das Bergsteigen, alpine Sportarten und das Wandern zu f\u00f6rdern und zu pflegen \u2013 dies in Eigenverantwortung seiner Zweigvereinsmitglieder \u2013, die Sch\u00f6nheit und Urspr\u00fcnglichkeit der Bergwelt zu erhalten, die Kenntnisse \u00fcber die Gebirge zu erweitern und zu verbreiten und dadurch auch die Liebe zur Heimat zu pflegen sowie die Wissenschaft und Forschung in diesem Bereich zu f\u00f6rdern. Er ist dem alpinen Natur- und Umweltschutz verpflichtet&#8221;. vgl. Satzung des \u00d6sterreichischen Alpenvereins, \u00a7 2 Abs. (1)<\/p>\n\n\n\n<p>Alle Informationen und Erkl\u00e4rungen dieser Internetseiten sind unverbindlich. Der Alpenverein \u00fcbernimmt f\u00fcr die Richtigkeit und Vollst\u00e4ndigkeit der Inhalte keine Gew\u00e4hr. \u2028Es wird keine Garantie \u00fcbernommen und keine Zusicherung von Produkteigenschaften gemacht. Aus den Inhalten der Internetseiten ergeben sich keine Rechtsanspr\u00fcche. Fehler im Inhalt werden bei Kenntnis dar\u00fcber unverz\u00fcglich korrigiert. Die Inhalte der Internetseiten k\u00f6nnen durch zeitverz\u00f6gerte Aktualisierung nicht permanent aktuell sein. Bitte fragen Sie uns daher zu dem Stand, technischen Details und Lieferbarkeit der Produkte und Dienstleistungen. Links auf andere Internetseiten werden nicht permanent kontrolliert. Somit \u00fcbernehmen wir keine Verantwortung f\u00fcr den Inhalt verlinkter Seiten.<\/p>\n\n\n\n<p><\/p>\n\n\n\n<h3 class=\"wp-block-heading\">Herunterladen von Daten und Software<\/h3>\n\n\n\n<p>Der Alpenverein \u00fcbernimmt keine Gew\u00e4hr f\u00fcr die Fehlerfreiheit von Daten und Software, die von den Internetseiten heruntergeladen werden k\u00f6nnen. Die Software wird von Seiten des Alpenvereins auf Virenbefall \u00fcberpr\u00fcft. Wir empfehlen dennoch, Daten und Software nach dem Herunterladen auf Virenbefall mit jeweils neuster Virensuchsoftware zu pr\u00fcfen.<\/p>\n\n\n\n<p><\/p>\n\n\n\n<h3 class=\"wp-block-heading\">Haftung<\/h3>\n\n\n\n<p>Der Alpenverein haftet nicht f\u00fcr Sch\u00e4den insbesondere nicht f\u00fcr unmittelbare oder mittelbare Folgesch\u00e4den, Datenverlust, entgangenen Gewinn, System- oder Produktionsausf\u00e4llen, die durch die Nutzung dieser Internetseiten oder das Herunterladen von Daten entstehen. Liegt bei einem entstandenen Schaden durch die Nutzung der Internetseiten oder das Herunterladen von Daten Vorsatz oder grobe Fahrl\u00e4ssigkeit vor, gilt der Haftungsausschluss nicht. Die durch die Nutzung der Internetseiten entstandene Rechtsbeziehung zwischen Ihnen und dem Alpenverein unterliegt dem \u00f6sterreichischen Recht. Bei Rechtsstreitigkeiten mit Vollkaufleuten, die aus der Nutzung dieser Internetseiten resultieren, ist der Gerichtsstand der Sitz des Alpenvereins in Innsbruck.<\/p>\n\n\n\n<p><\/p>\n\n\n\n<h3 class=\"wp-block-heading\">Sicherheit<\/h3>\n\n\n\n<p>Der Alpenverein speichert Ihre Daten auf besonders gesch\u00fctzten Servern. Der Zugriff darauf ist nur wenigen, von des Alpenvereins befugten Personen m\u00f6glich, die mit der technischen, kaufm\u00e4nnischen oder redaktionellen Betreuung dieser Server befasst sind.<\/p>\n","protected":false},"excerpt":{"rendered":"<p>Impressum und Offenlegung gem\u00e4\u00df \u00a7\u00a7 24, 25 Mediengesetz (MedG) iVm \u00a7 5 E-Commerce-Gesetz (ECG) Herausgeber \u00d6sterreichischer Alpenverein, Deutscher Alpenverein, Schweizer Alpen-Club, S\u00fcdtiroler Alpenverein Medieninhaber &#8211; \u00d6sterreichischer Alpenverein Inhalt &amp; Redaktion Redaktion bergundsteigen Magazin: Gebhard Bendler Redaktion bergundsteigen.com \/ social media: Simon Sch\u00f6pf Design &amp; Programmierung &#8211; florianmatthias Allgemeine Informationen Generalsekret\u00e4r: Clemens Matt Unsere Kontaktdaten finden&#8230;<\/p>\n","protected":false},"author":6723,"featured_media":0,"parent":0,"menu_order":0,"comment_status":"closed","ping_status":"closed","template":"","meta":{"footnotes":""},"class_list":["post-20424","page","type-page","status-publish","hentry"],"yoast_head":"<!-- This site is optimized with the Yoast SEO plugin v27.5 - https:\/\/yoast.com\/product\/yoast-seo-wordpress\/ -->\n<title>Imprint - bergundsteigen<\/title>\n<meta name=\"robots\" content=\"index, follow, max-snippet:-1, max-image-preview:large, max-video-preview:-1\" \/>\n<link rel=\"canonical\" href=\"https:\/\/www.bergundsteigen.com\/impressum\/\" \/>\n<meta property=\"og:locale\" content=\"en_US\" \/>\n<meta property=\"og:type\" content=\"article\" \/>\n<meta property=\"og:title\" content=\"Imprint - bergundsteigen\" \/>\n<meta property=\"og:description\" content=\"Impressum und Offenlegung gem\u00e4\u00df \u00a7\u00a7 24, 25 Mediengesetz (MedG) iVm \u00a7 5 E-Commerce-Gesetz (ECG) Herausgeber \u00d6sterreichischer Alpenverein, Deutscher Alpenverein, Schweizer Alpen-Club, S\u00fcdtiroler Alpenverein Medieninhaber &#8211; \u00d6sterreichischer Alpenverein Inhalt &amp; Redaktion Redaktion bergundsteigen Magazin: Gebhard Bendler Redaktion bergundsteigen.com \/ social media: Simon Sch\u00f6pf Design &amp; Programmierung &#8211; florianmatthias Allgemeine Informationen Generalsekret\u00e4r: Clemens Matt Unsere Kontaktdaten finden...\" \/>\n<meta property=\"og:url\" content=\"https:\/\/www.bergundsteigen.com\/impressum\/\" \/>\n<meta property=\"og:site_name\" content=\"bergundsteigen\" \/>\n<meta property=\"article:modified_time\" content=\"2025-05-07T08:51:07+00:00\" \/>\n<meta name=\"twitter:card\" content=\"summary_large_image\" \/>\n<meta name=\"twitter:label1\" content=\"Est. reading time\" \/>\n\t<meta name=\"twitter:data1\" content=\"3 minutes\" \/>\n<script type=\"application\/ld+json\" class=\"yoast-schema-graph\">{\"@context\":\"https:\\\/\\\/schema.org\",\"@graph\":[{\"@type\":\"WebPage\",\"@id\":\"https:\\\/\\\/www.bergundsteigen.com\\\/impressum\\\/\",\"url\":\"https:\\\/\\\/www.bergundsteigen.com\\\/impressum\\\/\",\"name\":\"Imprint - bergundsteigen\",\"isPartOf\":{\"@id\":\"http:\\\/\\\/172.31.26.242\\\/#website\"},\"datePublished\":\"2021-07-31T06:19:21+00:00\",\"dateModified\":\"2025-05-07T08:51:07+00:00\",\"breadcrumb\":{\"@id\":\"https:\\\/\\\/www.bergundsteigen.com\\\/impressum\\\/#breadcrumb\"},\"inLanguage\":\"en-US\",\"potentialAction\":[{\"@type\":\"ReadAction\",\"target\":[\"https:\\\/\\\/www.bergundsteigen.com\\\/impressum\\\/\"]}]},{\"@type\":\"BreadcrumbList\",\"@id\":\"https:\\\/\\\/www.bergundsteigen.com\\\/impressum\\\/#breadcrumb\",\"itemListElement\":[{\"@type\":\"ListItem\",\"position\":1,\"name\":\"Home\",\"item\":\"https:\\\/\\\/www.bergundsteigen.com\\\/en\\\/\"},{\"@type\":\"ListItem\",\"position\":2,\"name\":\"Imprint\"}]},{\"@type\":\"WebSite\",\"@id\":\"http:\\\/\\\/172.31.26.242\\\/#website\",\"url\":\"http:\\\/\\\/172.31.26.242\\\/\",\"name\":\"bergundsteigen\",\"description\":\"Menschen, Berge, Unsicherheit: Die Bergsport-Fachzeitschrift der Alpenvereine\",\"potentialAction\":[{\"@type\":\"SearchAction\",\"target\":{\"@type\":\"EntryPoint\",\"urlTemplate\":\"http:\\\/\\\/172.31.26.242\\\/?s={search_term_string}\"},\"query-input\":{\"@type\":\"PropertyValueSpecification\",\"valueRequired\":true,\"valueName\":\"search_term_string\"}}],\"inLanguage\":\"en-US\"}]}<\/script>\n<!-- \/ Yoast SEO plugin. -->","yoast_head_json":{"title":"Imprint - bergundsteigen","robots":{"index":"index","follow":"follow","max-snippet":"max-snippet:-1","max-image-preview":"max-image-preview:large","max-video-preview":"max-video-preview:-1"},"canonical":"https:\/\/www.bergundsteigen.com\/impressum\/","og_locale":"en_US","og_type":"article","og_title":"Imprint - bergundsteigen","og_description":"Impressum und Offenlegung gem\u00e4\u00df \u00a7\u00a7 24, 25 Mediengesetz (MedG) iVm \u00a7 5 E-Commerce-Gesetz (ECG) Herausgeber \u00d6sterreichischer Alpenverein, Deutscher Alpenverein, Schweizer Alpen-Club, S\u00fcdtiroler Alpenverein Medieninhaber &#8211; \u00d6sterreichischer Alpenverein Inhalt &amp; Redaktion Redaktion bergundsteigen Magazin: Gebhard Bendler Redaktion bergundsteigen.com \/ social media: Simon Sch\u00f6pf Design &amp; Programmierung &#8211; florianmatthias Allgemeine Informationen Generalsekret\u00e4r: Clemens Matt Unsere Kontaktdaten finden...","og_url":"https:\/\/www.bergundsteigen.com\/impressum\/","og_site_name":"bergundsteigen","article_modified_time":"2025-05-07T08:51:07+00:00","twitter_card":"summary_large_image","twitter_misc":{"Est. reading time":"3 minutes"},"schema":{"@context":"https:\/\/schema.org","@graph":[{"@type":"WebPage","@id":"https:\/\/www.bergundsteigen.com\/impressum\/","url":"https:\/\/www.bergundsteigen.com\/impressum\/","name":"Imprint - bergundsteigen","isPartOf":{"@id":"http:\/\/172.31.26.242\/#website"},"datePublished":"2021-07-31T06:19:21+00:00","dateModified":"2025-05-07T08:51:07+00:00","breadcrumb":{"@id":"https:\/\/www.bergundsteigen.com\/impressum\/#breadcrumb"},"inLanguage":"en-US","potentialAction":[{"@type":"ReadAction","target":["https:\/\/www.bergundsteigen.com\/impressum\/"]}]},{"@type":"BreadcrumbList","@id":"https:\/\/www.bergundsteigen.com\/impressum\/#breadcrumb","itemListElement":[{"@type":"ListItem","position":1,"name":"Home","item":"https:\/\/www.bergundsteigen.com\/en\/"},{"@type":"ListItem","position":2,"name":"Imprint"}]},{"@type":"WebSite","@id":"http:\/\/172.31.26.242\/#website","url":"http:\/\/172.31.26.242\/","name":"bergundsteigen","description":"Menschen, Berge, Unsicherheit: Die Bergsport-Fachzeitschrift der Alpenvereine","potentialAction":[{"@type":"SearchAction","target":{"@type":"EntryPoint","urlTemplate":"http:\/\/172.31.26.242\/?s={search_term_string}"},"query-input":{"@type":"PropertyValueSpecification","valueRequired":true,"valueName":"search_term_string"}}],"inLanguage":"en-US"}]}},"_links":{"self":[{"href":"https:\/\/www.bergundsteigen.com\/en\/wp-json\/wp\/v2\/pages\/20424","targetHints":{"allow":["GET"]}}],"collection":[{"href":"https:\/\/www.bergundsteigen.com\/en\/wp-json\/wp\/v2\/pages"}],"about":[{"href":"https:\/\/www.bergundsteigen.com\/en\/wp-json\/wp\/v2\/types\/page"}],"author":[{"embeddable":true,"href":"https:\/\/www.bergundsteigen.com\/en\/wp-json\/wp\/v2\/users\/6723"}],"replies":[{"embeddable":true,"href":"https:\/\/www.bergundsteigen.com\/en\/wp-json\/wp\/v2\/comments?post=20424"}],"version-history":[{"count":2,"href":"https:\/\/www.bergundsteigen.com\/en\/wp-json\/wp\/v2\/pages\/20424\/revisions"}],"predecessor-version":[{"id":20456,"href":"https:\/\/www.bergundsteigen.com\/en\/wp-json\/wp\/v2\/pages\/20424\/revisions\/20456"}],"wp:attachment":[{"href":"https:\/\/www.bergundsteigen.com\/en\/wp-json\/wp\/v2\/media?parent=20424"}],"curies":[{"name":"wp","href":"https:\/\/api.w.org\/{rel}","templated":true}]}}