{"id":20432,"date":"2021-07-31T06:19:46","date_gmt":"2021-07-31T06:19:46","guid":{"rendered":"https:\/\/www.bergundsteigen.com\/datenschutz\/"},"modified":"2025-05-07T08:53:58","modified_gmt":"2025-05-07T08:53:58","slug":"datenschutz","status":"publish","type":"page","link":"https:\/\/www.bergundsteigen.com\/en\/datenschutz\/","title":{"rendered":"Privacy Policy"},"content":{"rendered":"\n<p>Diese Website wird betrieben von:<\/p>\n\n\n\n<p><\/p>\n\n\n\n<h3 class=\"wp-block-heading\">Medieninhaber &#8211; \u00d6sterreichischer Alpenverein<\/h3>\n\n\n\n<ul class=\"address wp-block-list\"><li>Olympiastr. 37<br>A-6020 Innsbruck<\/li><li><a href=\"tel:+43 512 59547-0\">+43 512 59547-0<\/a><\/li><li>office@alpenverein.at<\/li><li>ZVR: 989190235<\/li><\/ul>\n\n\n\n<p><\/p>\n\n\n\n<p>Generalsekret\u00e4r: Clemens Matt<\/p>\n\n\n\n<p>Bei Fragen zum Datenschutz wenden Sie sich bitte an datenschutz@alpenverein.at<br>Der Schutz Ihrer personenbezogenen Daten ist uns ein besonderes Anliegen. Wir verarbeiten Ihre Daten daher ausschlie\u00dflich auf Grundlage der gesetzlichen Bestimmungen (DSGVO, DSG, TKG 2003). In dieser Datenschutzmitteilung informieren wir Sie \u00fcber die wichtigsten Aspekte der Datenverarbeitung im Rahmen unserer Website.<\/p>\n\n\n\n<hr class=\"wp-block-separator\"\/>\n\n\n\n<h3 class=\"wp-block-heading\">Welche Daten wir \u00fcber Sie verarbeiten<\/h3>\n\n\n\n<p>Im Zuge Ihres Besuches dieser Website erheben wir einige Informationen, die in den folgenden Abschnitten genau dargelegt werden. Weiters verarbeiten wir auch jene Informationen, die Sie selbst durch Ausf\u00fcllen der Kontakt- oder Anmeldeformulare bzw. bei der Registrierung auf mein.alpenverein.at oder im Alpenvereins-Shop zur Verf\u00fcgung stellen. Es besteht keine Verpflichtung, jene Daten, um deren Angabe wir Sie auf unserer Website bitten, tats\u00e4chlich anzugeben. Wenn Sie dies jedoch nicht tun, wird es Ihnen nicht m\u00f6glich sein, alle Funktionen der Website zu nutzen.<\/p>\n\n\n\n<h3 class=\"wp-block-heading\">Zwecke der Datenverarbeitung<\/h3>\n\n\n\n<p>Wir verarbeiten Ihre Daten auf Grundlage unseres \u00fcberwiegenden berechtigten Interesses (Art 6 Abs 1 lit f DSGVO):<\/p>\n\n\n\n<ul class=\"wp-block-list\"><li>um Ihnen diese Webseite inklusive unserer Services zur Verf\u00fcgung zu stellen<\/li><li>um Nutzungsstatistiken erstellen zu k\u00f6nnen<\/li><li>um unser Angebot und unseren Webauftritt zu verbessern<\/li><li>um Angriffe auf unsere Webseite erkennen, verhindern und untersuchen zu k\u00f6nnen<\/li><li>um auf Ihre Fragen zu antworten<\/li><\/ul>\n\n\n\n<h3 class=\"wp-block-heading\">&nbsp;<\/h3>\n\n\n\n<h3 class=\"wp-block-heading\">\u00dcbermittlung Ihrer personenbezogenen Daten<\/h3>\n\n\n\n<p>Ihre Daten werden nicht an Dritte weitergegeben, au\u00dfer es handelt sich dabei um sog. Auftragsverarbeiter, die zur Erf\u00fcllung unserer vertraglichen Verpflichtungen n\u00f6tig sind. Mit jedem Auftragsverarbeiter wird eine gesonderte Vereinbarung \u00fcber eine Auftragsverarbeitung abgeschlossen, welche den datenschutzrechtlichen Anforderungen entspricht (Art 28 DSGVO). Wir achten insbesondere darauf, dass unsere Auftragsverarbeiter Ihre Daten ausschlie\u00dflich in der EU verarbeiten.<br>Zu Daten\u00fcbermittlung ans EU-Ausland siehe Abschnitt \u201eGoogle Analytics\u201c.<\/p>\n\n\n\n<h3 class=\"wp-block-heading\">&nbsp;<\/h3>\n\n\n\n<h3 class=\"wp-block-heading\">Serverlogs<\/h3>\n\n\n\n<p>Wir verarbeiten die IP-Adresse des anfragenden Computers, gemeinsam mit dem Datum, der Uhrzeit, der Anfrage, welche Datei angefragt wird (Name und URL), welche Datenmenge an Sie \u00fcbertragen wird, eine Meldung, ob die Anfrage erfolgreich war, Erkennungsdaten des verwendeten Browsers und des verwendeten Betriebssystems, sowie die Webseite, \u00fcber die der Zugriff auf die Datei erfolgte (sollte der Zugriff \u00fcber einen Link erfolgen). Die Serverlogs werden gespeichert um die Systemsicherheit pr\u00fcfen zu k\u00f6nnen, sowie Angriffe erkennen, verhindern und untersuchen zu k\u00f6nnen, die Websites technisch zu administrieren, sowie das Angebot optimieren zu k\u00f6nnen. Diese Daten werden \u2013 sollte es einen Hackangriff gegeben haben \u2013 an die Strafverfolgungsbeh\u00f6rden weitergeben. Eine dar\u00fcberhinausgehende Weitergabe an Dritte erfolgt nicht.<\/p>\n\n\n\n<p><\/p>\n\n\n\n<h3 class=\"wp-block-heading\">Cookies<\/h3>\n\n\n\n<p>Unsere Website verwendet so genannte Cookies. Dabei handelt es sich um kleine Textdateien, die mit Hilfe des Browsers auf Ihrem Endger\u00e4t abgelegt werden.<br>Wir nutzen Cookies dazu, unser Angebot nutzerfreundlich zu gestalten. Einige Cookies bleiben auf Ihrem Endger\u00e4t gespeichert, bis Sie diese l\u00f6schen. Sie erm\u00f6glichen es uns, Ihren Browser beim n\u00e4chsten Besuch wiederzuerkennen.<br>Wenn Sie dies nicht w\u00fcnschen, so k\u00f6nnen Sie Ihren Browser so einrichten, dass er Sie \u00fcber das Setzen von Cookies informiert und Sie dies nur im Einzelfall erlauben. Wenn Sie mehr dar\u00fcber wissen m\u00f6chten ben\u00fctzen Sie bitte die \u201eHilfe\u201c-Funktion in Ihrem Browser.<br>Bei der Deaktivierung von Cookies kann die Funktionalit\u00e4t unserer Website eingeschr\u00e4nkt sein und Sie in manchen F\u00e4llen daran hindern, diese Website vollst\u00e4ndig zu nutzen.<\/p>\n\n\n\n<p><\/p>\n\n\n\n<h3 class=\"wp-block-heading\">Google Analytics<\/h3>\n\n\n\n<p>Google Analytics<br>Unsere Website benutzt Google Analytics, einen Webanalysedienst der Google Inc. (\u201eGoogle\u201c). Google Analytics verwendet Cookies (siehe oben im Abschnitt \u201eCookies\u201c), die eine Analyse der Benutzung der Website durch Sie erm\u00f6glichen.<\/p>\n\n\n\n<p>Die durch das Cookie erzeugten Informationen \u00fcber Ihre Nutzung dieser Website (einschlie\u00dflich Ihrer IP-Adresse und die URLs der aufgerufen Webseiten) werden im Regelfall an einen Server von Google in den USA \u00fcbertragen und dort verarbeitet. Wir speichern keine Ihrer Daten, die in Zusammenhang mit Google Analytics erhoben werden.<\/p>\n\n\n\n<p>Diese Website verwendet die von Google Analytics gebotene M\u00f6glichkeit der IP-Anonymisierung. Ihre IP-Adresse wird daher von Google anonymisiert, sobald Google Ihre IP-Adresse erh\u00e4lt. In unserem Auftrag wird Google diese Informationen verwenden, um Ihre Nutzung der Website auszuwerten, um Reports \u00fcber die Websiteaktivit\u00e4ten zusammenzustellen und um weitere mit der Websitenutzung und der Internetnutzung verbundene Dienstleistungen an uns zu erbringen. Die im Rahmen von Google Analytics von Ihrem Browser \u00fcbermittelte IP-Adresse wird von Google nicht mit anderen Daten zusammengef\u00fchrt.<\/p>\n\n\n\n<p>Sie k\u00f6nnen die Installation der Cookies durch eine entsprechende Einstellung in Ihrem Browser verhindern (siehe oben im Abschnitt \u201eCookies\u201c). Sie k\u00f6nnen dar\u00fcber hinaus verhindern, dass Google Ihre Daten in Zusammenhang mit Google Analytics erhebt, indem Sie das unter dem folgenden Link verf\u00fcgbare Browser-Plugin herunterladen und installieren:<br>https:\/\/tools.google.com\/dlpage\/gaoptout?hl=de.<\/p>\n\n\n\n<p>Sie k\u00f6nnen die Erfassung durch Google Analytics verhindern, indem Sie auf folgenden Link klicken. Es wird ein Opt-Out-Cookie gesetzt, das die zuk\u00fcnftige Erfassung Ihrer Daten beim Besuch dieser Website verhindert:<br>Google Analytics deaktivieren<\/p>\n\n\n\n<p>N\u00e4here Informationen zu den Nutzungsbedingungen von Google sowie Googles Datenschutzerkl\u00e4rung finden Sie unter https:\/\/www.google.com\/analytics\/terms\/de.html bzw. unter https:\/\/www.google.at\/intl\/at\/policies\/.<\/p>\n\n\n\n<p><\/p>\n\n\n\n<h3 class=\"wp-block-heading\">Newsletter<\/h3>\n\n\n\n<p>Sie haben die M\u00f6glichkeit, \u00fcber unsere Website unseren Newsletter zu abonnieren. Hierf\u00fcr ben\u00f6tigen wir Ihre E-Mail-Adresse und ihre Erkl\u00e4rung, dass Sie mit dem Bezug des Newsletters einverstanden sind. Weitere Angaben (Anrede und Name) sind optional.<\/p>\n\n\n\n<p>Sobald Sie sich f\u00fcr den Newsletter angemeldet haben, senden wir Ihnen ein Best\u00e4tigungs-E-Mail mit einem Link zur Best\u00e4tigung der Anmeldung.<\/p>\n\n\n\n<p>Das Abo des Newsletters k\u00f6nnen Sie jederzeit stornieren. Sie finden dazu in jedem Newsletter einen entsprechenden Link vor. Wir l\u00f6schen anschlie\u00dfend umgehend Ihre Daten im Zusammenhang mit dem Newsletter-Versand<\/p>\n\n\n\n<p><\/p>\n\n\n\n<h3 class=\"wp-block-heading\">Speicherdauer<\/h3>\n\n\n\n<p>Wir werden Ihre Daten maximal f\u00fcr eine Dauer von drei Monaten speichern. Eine l\u00e4ngere Speicherung erfolgt nur, soweit dies erforderlich ist, um festgestellte Angriffe auf unsere Website zu untersuchen.<\/p>\n\n\n\n<p>Wenn Sie sich auf unserer Website registrieren, werden wir Ihre Daten jedenfalls so lange speichern, so lange Ihr Account besteht und danach f\u00fcr nur so lange, wie rechtliche Verpflichtungen dies vorsehen.<\/p>\n\n\n\n<p><\/p>\n\n\n\n<h3 class=\"wp-block-heading\">Alpenvereins-Shop (Alpenvereins-Betriebe Gesellschaft m.b.H)<\/h3>\n\n\n\n<p>Wir weisen darauf hin, dass zum Zweck des einfacheren Einkaufsvorganges und zur sp\u00e4teren Vertragsabwicklung vom Webshop-Betreiber im Rahmen von Cookies Ihre IP-Daten gespeichert werden, ebenso wie Name und Anschrift des K\u00e4ufers. Falls mit Kreditkarte bezahlt wird, werden die Kreditkartendaten von unserem Payment Service Provider f\u00fcr die Abwicklung der Bezahlung gespeichert.<\/p>\n\n\n\n<p>Dar\u00fcber hinaus werden zum Zweck der Vertragsabwicklung folgende Daten bei uns gespeichert: die Auftragsdaten, d.h. die bestellten Produkte, die Rechnungs- und Lieferanschrift, Zahlungsart, eingegebene Nachrichten sowie Kontaktdaten. Die von Ihnen bereit gestellten Daten sind zur Vertragserf\u00fcllung bzw. zur Durchf\u00fchrung vorvertraglicher Ma\u00dfnahmen erforderlich. Ohne diese Daten k\u00f6nnen wir den Vertrag mit Ihnen nicht abschlie\u00dfen. Eine Daten\u00fcbermittlung an Dritte erfolgt nicht, mit Ausnahme der \u00dcbermittlung der Kreditkartendaten an die abwickelnden Bankinstitute \/ Zahlungsdienstleister zum Zwecke der Abbuchung des Einkaufspreises, an das von uns beauftragte Transportunternehmen\/Versandunternehmen zur Zustellung der Ware sowie an unseren Steuerberater zur Erf\u00fcllung unserer steuerrechtlichen Verpflichtungen.<\/p>\n\n\n\n<p>Nach Abbruch des Einkaufsvorganges werden die bei uns gespeicherten Daten gel\u00f6scht. Im Falle eines Vertragsabschlusses werden s\u00e4mtliche Daten aus dem Vertragsverh\u00e4ltnis bis zum Ablauf der Produkthaftung (10 Jahre) gespeichert. Die Datenverarbeitung erfolgt auf Basis der gesetzlichen Bestimmungen des \u00a7 96 Abs 3 TKG sowie des Art 6 Abs 1 lit b (notwendig zur Vertragserf\u00fcllung) der EU Datenschutz-Grundverordnung.<\/p>\n\n\n\n<p><\/p>\n\n\n\n<h3 class=\"wp-block-heading\">Ihre Rechte<\/h3>\n\n\n\n<p>Ihnen stehen grunds\u00e4tzlich die Rechte auf Auskunft, Berichtigung, L\u00f6schung, Einschr\u00e4nkung, Daten\u00fcbertragbarkeit, Widerruf und Widerspruch zu. Wenn Sie glauben, dass die Verarbeitung Ihrer Daten gegen das Datenschutzrecht verst\u00f6\u00dft oder Ihre datenschutzrechtlichen Anspr\u00fcche sonst in einer Weise verletzt worden sind, k\u00f6nnen Sie sich bei der Aufsichtsbeh\u00f6rde beschweren. In \u00d6sterreich ist dies die Datenschutzbeh\u00f6rde.<\/p>\n","protected":false},"excerpt":{"rendered":"<p>Diese Website wird betrieben von: Medieninhaber &#8211; \u00d6sterreichischer Alpenverein Olympiastr. 37A-6020 Innsbruck +43 512 59547-0 office@alpenverein.at ZVR: 989190235 Generalsekret\u00e4r: Clemens Matt Bei Fragen zum Datenschutz wenden Sie sich bitte an datenschutz@alpenverein.atDer Schutz Ihrer personenbezogenen Daten ist uns ein besonderes Anliegen. Wir verarbeiten Ihre Daten daher ausschlie\u00dflich auf Grundlage der gesetzlichen Bestimmungen (DSGVO, DSG, TKG 2003)&#8230;.<\/p>\n","protected":false},"author":6723,"featured_media":0,"parent":0,"menu_order":0,"comment_status":"closed","ping_status":"closed","template":"","meta":{"footnotes":""},"class_list":["post-20432","page","type-page","status-publish","hentry"],"yoast_head":"<!-- This site is optimized with the Yoast SEO plugin v27.5 - https:\/\/yoast.com\/product\/yoast-seo-wordpress\/ -->\n<title>Privacy Policy - bergundsteigen<\/title>\n<meta name=\"robots\" content=\"index, follow, max-snippet:-1, max-image-preview:large, max-video-preview:-1\" \/>\n<link rel=\"canonical\" href=\"https:\/\/www.bergundsteigen.com\/en\/datenschutz\/\" \/>\n<meta property=\"og:locale\" content=\"en_US\" \/>\n<meta property=\"og:type\" content=\"article\" \/>\n<meta property=\"og:title\" content=\"Privacy Policy - bergundsteigen\" \/>\n<meta property=\"og:description\" content=\"Diese Website wird betrieben von: Medieninhaber &#8211; \u00d6sterreichischer Alpenverein Olympiastr. 37A-6020 Innsbruck +43 512 59547-0 office@alpenverein.at ZVR: 989190235 Generalsekret\u00e4r: Clemens Matt Bei Fragen zum Datenschutz wenden Sie sich bitte an datenschutz@alpenverein.atDer Schutz Ihrer personenbezogenen Daten ist uns ein besonderes Anliegen. Wir verarbeiten Ihre Daten daher ausschlie\u00dflich auf Grundlage der gesetzlichen Bestimmungen (DSGVO, DSG, TKG 2003)....\" \/>\n<meta property=\"og:url\" content=\"https:\/\/www.bergundsteigen.com\/en\/datenschutz\/\" \/>\n<meta property=\"og:site_name\" content=\"bergundsteigen\" \/>\n<meta property=\"article:modified_time\" content=\"2025-05-07T08:53:58+00:00\" \/>\n<meta name=\"twitter:card\" content=\"summary_large_image\" \/>\n<meta name=\"twitter:label1\" content=\"Est. reading time\" \/>\n\t<meta name=\"twitter:data1\" content=\"7 minutes\" \/>\n<script type=\"application\/ld+json\" class=\"yoast-schema-graph\">{\"@context\":\"https:\\\/\\\/schema.org\",\"@graph\":[{\"@type\":\"WebPage\",\"@id\":\"https:\\\/\\\/www.bergundsteigen.com\\\/en\\\/datenschutz\\\/\",\"url\":\"https:\\\/\\\/www.bergundsteigen.com\\\/en\\\/datenschutz\\\/\",\"name\":\"Privacy Policy - bergundsteigen\",\"isPartOf\":{\"@id\":\"http:\\\/\\\/172.31.26.242\\\/#website\"},\"datePublished\":\"2021-07-31T06:19:46+00:00\",\"dateModified\":\"2025-05-07T08:53:58+00:00\",\"breadcrumb\":{\"@id\":\"https:\\\/\\\/www.bergundsteigen.com\\\/en\\\/datenschutz\\\/#breadcrumb\"},\"inLanguage\":\"en-US\",\"potentialAction\":[{\"@type\":\"ReadAction\",\"target\":[\"https:\\\/\\\/www.bergundsteigen.com\\\/en\\\/datenschutz\\\/\"]}]},{\"@type\":\"BreadcrumbList\",\"@id\":\"https:\\\/\\\/www.bergundsteigen.com\\\/en\\\/datenschutz\\\/#breadcrumb\",\"itemListElement\":[{\"@type\":\"ListItem\",\"position\":1,\"name\":\"Home\",\"item\":\"https:\\\/\\\/www.bergundsteigen.com\\\/en\\\/\"},{\"@type\":\"ListItem\",\"position\":2,\"name\":\"Privacy Policy\"}]},{\"@type\":\"WebSite\",\"@id\":\"http:\\\/\\\/172.31.26.242\\\/#website\",\"url\":\"http:\\\/\\\/172.31.26.242\\\/\",\"name\":\"bergundsteigen\",\"description\":\"Menschen, Berge, Unsicherheit: Die Bergsport-Fachzeitschrift der Alpenvereine\",\"potentialAction\":[{\"@type\":\"SearchAction\",\"target\":{\"@type\":\"EntryPoint\",\"urlTemplate\":\"http:\\\/\\\/172.31.26.242\\\/?s={search_term_string}\"},\"query-input\":{\"@type\":\"PropertyValueSpecification\",\"valueRequired\":true,\"valueName\":\"search_term_string\"}}],\"inLanguage\":\"en-US\"}]}<\/script>\n<!-- \/ Yoast SEO plugin. -->","yoast_head_json":{"title":"Privacy Policy - bergundsteigen","robots":{"index":"index","follow":"follow","max-snippet":"max-snippet:-1","max-image-preview":"max-image-preview:large","max-video-preview":"max-video-preview:-1"},"canonical":"https:\/\/www.bergundsteigen.com\/en\/datenschutz\/","og_locale":"en_US","og_type":"article","og_title":"Privacy Policy - bergundsteigen","og_description":"Diese Website wird betrieben von: Medieninhaber &#8211; \u00d6sterreichischer Alpenverein Olympiastr. 37A-6020 Innsbruck +43 512 59547-0 office@alpenverein.at ZVR: 989190235 Generalsekret\u00e4r: Clemens Matt Bei Fragen zum Datenschutz wenden Sie sich bitte an datenschutz@alpenverein.atDer Schutz Ihrer personenbezogenen Daten ist uns ein besonderes Anliegen. Wir verarbeiten Ihre Daten daher ausschlie\u00dflich auf Grundlage der gesetzlichen Bestimmungen (DSGVO, DSG, TKG 2003)....","og_url":"https:\/\/www.bergundsteigen.com\/en\/datenschutz\/","og_site_name":"bergundsteigen","article_modified_time":"2025-05-07T08:53:58+00:00","twitter_card":"summary_large_image","twitter_misc":{"Est. reading time":"7 minutes"},"schema":{"@context":"https:\/\/schema.org","@graph":[{"@type":"WebPage","@id":"https:\/\/www.bergundsteigen.com\/en\/datenschutz\/","url":"https:\/\/www.bergundsteigen.com\/en\/datenschutz\/","name":"Privacy Policy - bergundsteigen","isPartOf":{"@id":"http:\/\/172.31.26.242\/#website"},"datePublished":"2021-07-31T06:19:46+00:00","dateModified":"2025-05-07T08:53:58+00:00","breadcrumb":{"@id":"https:\/\/www.bergundsteigen.com\/en\/datenschutz\/#breadcrumb"},"inLanguage":"en-US","potentialAction":[{"@type":"ReadAction","target":["https:\/\/www.bergundsteigen.com\/en\/datenschutz\/"]}]},{"@type":"BreadcrumbList","@id":"https:\/\/www.bergundsteigen.com\/en\/datenschutz\/#breadcrumb","itemListElement":[{"@type":"ListItem","position":1,"name":"Home","item":"https:\/\/www.bergundsteigen.com\/en\/"},{"@type":"ListItem","position":2,"name":"Privacy Policy"}]},{"@type":"WebSite","@id":"http:\/\/172.31.26.242\/#website","url":"http:\/\/172.31.26.242\/","name":"bergundsteigen","description":"Menschen, Berge, Unsicherheit: Die Bergsport-Fachzeitschrift der Alpenvereine","potentialAction":[{"@type":"SearchAction","target":{"@type":"EntryPoint","urlTemplate":"http:\/\/172.31.26.242\/?s={search_term_string}"},"query-input":{"@type":"PropertyValueSpecification","valueRequired":true,"valueName":"search_term_string"}}],"inLanguage":"en-US"}]}},"_links":{"self":[{"href":"https:\/\/www.bergundsteigen.com\/en\/wp-json\/wp\/v2\/pages\/20432","targetHints":{"allow":["GET"]}}],"collection":[{"href":"https:\/\/www.bergundsteigen.com\/en\/wp-json\/wp\/v2\/pages"}],"about":[{"href":"https:\/\/www.bergundsteigen.com\/en\/wp-json\/wp\/v2\/types\/page"}],"author":[{"embeddable":true,"href":"https:\/\/www.bergundsteigen.com\/en\/wp-json\/wp\/v2\/users\/6723"}],"replies":[{"embeddable":true,"href":"https:\/\/www.bergundsteigen.com\/en\/wp-json\/wp\/v2\/comments?post=20432"}],"version-history":[{"count":1,"href":"https:\/\/www.bergundsteigen.com\/en\/wp-json\/wp\/v2\/pages\/20432\/revisions"}],"predecessor-version":[{"id":20460,"href":"https:\/\/www.bergundsteigen.com\/en\/wp-json\/wp\/v2\/pages\/20432\/revisions\/20460"}],"wp:attachment":[{"href":"https:\/\/www.bergundsteigen.com\/en\/wp-json\/wp\/v2\/media?parent=20432"}],"curies":[{"name":"wp","href":"https:\/\/api.w.org\/{rel}","templated":true}]}}